{"id":24,"date":"2022-09-10T11:36:00","date_gmt":"2022-09-10T09:36:00","guid":{"rendered":"https:\/\/www.gewerbeverein-grossauheim.de\/?page_id=24"},"modified":"2022-09-10T11:36:14","modified_gmt":"2022-09-10T09:36:14","slug":"chronik","status":"publish","type":"page","link":"https:\/\/www.gewerbeverein-grossauheim.de\/?page_id=24","title":{"rendered":"Chronik"},"content":{"rendered":"\n  \n    <section class=\"u-clearfix u-grey-10 u-section-1\" id=\"sec-bc8e\">\n      <div class=\"u-clearfix u-sheet u-valign-middle u-sheet-1\">\n        <p class=\"u-align-center-sm u-align-center-xs u-text u-text-default u-text-1\">Kurze Chronik des Gewerbevereins Gro\u00dfauheim<\/p>\n      <\/div>\n    <\/section>\n    <section class=\"u-clearfix u-section-2\" id=\"sec-3fb4\">\n      <div class=\"u-clearfix u-sheet u-valign-middle u-sheet-1\">\n        <p class=\"u-align-center u-text u-text-1\"> Der Gewerbeverein Gro\u00dfauheim wurde im&nbsp;April 1950&nbsp;in der ehemaligen Stadt Gro\u00dfauheim,&nbsp;<br>dem heute gr\u00f6\u00dften Stadtteil Hanaus, gegr\u00fcndet.<br>\n          <br>Der Verein hat derzeit rund 70 Mitglieder, zum gro\u00dfen Teil Einzelhandelsfirmen.<br>Aber auch viele Handwerksbetriebe, Banken und Selbst\u00e4ndige sind im Gewerbeverein vertreten.<br>\n          <br>Pioniere der ersten Stunde waren die Firmen Hott (jetzt: Knaak), K\u00e4mmerer, Kaiser,<br>Lenz, M\u00fcssig, Schneider, Schramm + Kurzschenkel, Sch\u00fcssler, Walch und Wei\u00df.<br>Im Laufe des Jahres erweiterte sich der Kreis um die Firmen Henneberger, Herbert, Heuser,<br>Lach (jetzt: Langholz), Rayher und Schramm.<br>\n          <br>Alle diese Gro\u00dfauheimer Firmen vollzogen inzwischen einen Generationswechsel<br>und haben ihren festen Platz im Gro\u00dfauheimer Gesch\u00e4ftsleben.<br>\n          <br>Bei stetigem Wandel blieben die Ziele unver\u00e4ndert:<br>der Einzelhandel kann sich nur dann dauerhaft im Wettbewerb behaupten,<br>wenn er sich seiner St\u00e4rken besinnt.<br>\n          <br>Hohes Fachwissen, beste, pers\u00f6nliche und faire Beratung bei umfassenden Leistungen&nbsp;<br>\u2013 das garantiert eine hohe Kundenzufriedenheit.<br>Und die ist eine stabile Basis f\u00fcr weitere erfolgreiche f\u00fcnfzig Jahre.<br>Das zur\u00fcckliegende halbe Jahrhundert Vereinsgeschichte ist gepr\u00e4gt von zahllosen Aktivit\u00e4ten.<br>Besonders ist nat\u00fcrlich der&nbsp;Rochusmarkt&nbsp;hervorzuheben,&nbsp;der erstmals 1977 Tausende von Besuchern anzog.<br>Er hat sich inzwischen zu einem der beliebtesten Veranstaltungen der Region<br>entwickelt und ist in seiner Art unvergleichlich.<br>\n          <br>Der Gewerbeverein ist sich seiner Geschichte und seinen Traditionen bewusst.<br>Seinen aktiven Mitgliedsbetrieben gelingt es aber auch,&nbsp;<br>aktuell zu planen und zukunftsorientiert zu denken.<br>Den Gro\u00dfauheimer Vereinen zugetan und in der Lokalpolitik zu aktiver Mitarbeit bereit,<br>ist er stets offen f\u00fcr Kritik, Anregungen und neue Ideen.\n        <\/p>\n      <\/div>\n    <\/section>\n    \n    \n    \n  \n","protected":false},"excerpt":{"rendered":"<p>Kurze Chronik des Gewerbevereins Gro\u00dfauheim Der Gewerbeverein Gro\u00dfauheim wurde im&nbsp;April 1950&nbsp;in der ehemaligen Stadt Gro\u00dfauheim,&nbsp;dem heute gr\u00f6\u00dften Stadtteil Hanaus, gegr\u00fcndet. Der Verein hat derzeit rund 70 Mitglieder, zum gro\u00dfen Teil Einzelhandelsfirmen.Aber auch viele Handwerksbetriebe, Banken und Selbst\u00e4ndige sind im Gewerbeverein vertreten. Pioniere der ersten Stunde waren die Firmen Hott (jetzt: Knaak), K\u00e4mmerer, Kaiser,Lenz, M\u00fcssig, Schneider, &hellip; <a href=\"https:\/\/www.gewerbeverein-grossauheim.de\/?page_id=24\" class=\"more-link\">Continue reading<span class=\"screen-reader-text\"> &#8222;Chronik&#8220;<\/span><\/a><\/p>\n","protected":false},"author":1,"featured_media":0,"parent":0,"menu_order":5,"comment_status":"closed","ping_status":"closed","template":"","meta":{"footnotes":""},"class_list":["post-24","page","type-page","status-publish","hentry"],"_links":{"self":[{"href":"https:\/\/www.gewerbeverein-grossauheim.de\/index.php?rest_route=\/wp\/v2\/pages\/24","targetHints":{"allow":["GET"]}}],"collection":[{"href":"https:\/\/www.gewerbeverein-grossauheim.de\/index.php?rest_route=\/wp\/v2\/pages"}],"about":[{"href":"https:\/\/www.gewerbeverein-grossauheim.de\/index.php?rest_route=\/wp\/v2\/types\/page"}],"author":[{"embeddable":true,"href":"https:\/\/www.gewerbeverein-grossauheim.de\/index.php?rest_route=\/wp\/v2\/users\/1"}],"replies":[{"embeddable":true,"href":"https:\/\/www.gewerbeverein-grossauheim.de\/index.php?rest_route=%2Fwp%2Fv2%2Fcomments&post=24"}],"version-history":[{"count":1,"href":"https:\/\/www.gewerbeverein-grossauheim.de\/index.php?rest_route=\/wp\/v2\/pages\/24\/revisions"}],"predecessor-version":[{"id":48,"href":"https:\/\/www.gewerbeverein-grossauheim.de\/index.php?rest_route=\/wp\/v2\/pages\/24\/revisions\/48"}],"wp:attachment":[{"href":"https:\/\/www.gewerbeverein-grossauheim.de\/index.php?rest_route=%2Fwp%2Fv2%2Fmedia&parent=24"}],"curies":[{"name":"wp","href":"https:\/\/api.w.org\/{rel}","templated":true}]}}